{"id":54,"date":"2016-11-23T11:25:23","date_gmt":"2016-11-23T11:25:23","guid":{"rendered":"http:\/\/mice-icu.eu\/?page_id=54"},"modified":"2017-05-16T13:04:47","modified_gmt":"2017-05-16T13:04:47","slug":"partners","status":"publish","type":"page","link":"https:\/\/mice-icu.erasmus.site\/sl\/partners\/","title":{"rendered":"Partners"},"content":{"rendered":"<p><\/p>\n<div class=\"row\">\n<div class=\"col-md-4\"><img data-recalc-dims=\"1\" decoding=\"async\" style=\"width: auto; max-width: 300px; height: auto; padding: 40px;\" src=\"https:\/\/i0.wp.com\/mice-icu.erasmus.site\/wp-content\/uploads\/2016\/11\/PTPAiIO.png?w=1200\" alt=\"ptpaiio\" \/><\/div>\n<div class=\"col-md-8\">\n<h3>Poljskega zdru\u017eenja medicinskih sester v anesteziji in intenzivnih enotah <small>koordinator<\/small><\/h3>\n<p>Poljsko Zdru\u017eenje medicinskih sester v anesteziji in intenzivnih enotah (Association of Anesthesia and Intensive Care Nurses (PTPAiIO)) je bilo registrirano v Nacionalni pravosodni register leta 1997. Od takrat naprej \u0161tevilo njegovih \u010dlanov sistemati\u010dno nara\u0161\u010da. Trenutno je v aktivnosti dru\u0161tva vklju\u010denih 400 ljudi v 14 regionalnih podru\u017enicah. Odbor zdru\u017eenja predstavljajo: Predsednik \u2013 Pawe\u0142 Witt, Podpredsednica \u2013 Anna Zdun, Tajnik \u2013 Tomasz Kaczmarek, \u010clanice sveta: Iwona Chary\u0142o, Ma\u0142gorzata Knap, Marzena P\u0119giel.<br \/>\nCilj zdru\u017eenja je podpora in organizacija izobra\u017eevalnih in znanstvenih dogodkov s podro\u010dja zdravstvene nege v anesteziji in intenzivni negi, kot tudi s tem povezanih specializacij. Zdru\u017eenje izpolnjuje svoje cilje z:<\/p>\n<ul>\n<li>Organiziranjem sre\u010danj, simpozijev, konferenc, znanstvenih sre\u010danj, predavanj, razstav, prezentacij ter \u0161tevilnih drugih izobra\u017eevalnih dogodkov<\/li>\n<li>Objavo znanstvenih \u010dlankov, revij ter ostalih publikacij ter letakov, povezanih s predmetom njihovega interesa<\/li>\n<li>Sodelovanjem pri razli\u010dnih oblikah poklicnega izobra\u017eevanja, ter pri izpitih za izobra\u017eevanje medicinskih sester, specializiranih za anestezijo in intenzivno nego.<\/li>\n<li>Sodelovanjem z drugimi institucijami vklju\u010dno s parlamentom, javno upravo, ekipami svetovalcev, mediji ter ostalimi organizacijami z namenom izpolnitve svojih zakonskih ciljev<\/li>\n<li>Mednarodno sodelovanje s tujimi zdru\u017eenji ter organizacijami s podobnimi interesi<\/li>\n<li>Sodelovanje pri ustvarjanju standardov ter predpisov, ki zadevajo anesteziologijo in intenzivno nego.<\/li>\n<\/ul>\n<p>Aktivnosti zdru\u017eenja PTPAiIO<\/p>\n<ul>\n<li>V zadnjih 14 letih so organizirali 9. Nacionalnih konferenc, na katerih so gostili tuje predstavnike ter organizirali \u0161tevilne regionalne konference.<\/li>\n<li>V letu 2017 bo zdru\u017eenje PTPAiIO praznovalo 20. obletnico delovanja ter X Jubilejni kongres PTPAiIO (21.-23. September 2017)<\/li>\n<li>PTPAiIO ima aktivno zastopstvo pri Nacionalni komisiji za akreditacijo \u0161ol za zdravstveno nego in babi\u0161tvo ter Nacionalni komisiji za anesteziologijo. (National Nursing and Midwifery Schools Accreditation Board and the National Anaesthesiology Board).<\/li>\n<li>Zdru\u017eenje nudi mnenja o pravnih dokumentih, ki se ti\u010dejo poklica medicinske sestre in babice(porodni\u010darja)<\/li>\n<li>Sodeluje pri ustvarjanju u\u010dnih na\u010drtov<\/li>\n<li>\u010clani zdru\u017eenja PTPAiIO nastopajo kot regijski svetovalci v anesteziologiji in intenzivni negi.<\/li>\n<\/ul>\n<p>PTPAiIO je \u010dlan EfCCNa, IFNA, WFCCNa<br \/>\nLeta 2011 je bila ustanovljena Delovna skupina za dobre prakse na podro\u010dju zdravstvene nege v anesteziji ter intenzivni negi (Working Group for Good practices in anesthesia and intensive care nursing). Od svojih za\u010detkov do danes je skupina objavila:<br \/>\nIzjave glede svojih stali\u0161\u010d do:<\/p>\n<ul>\n<li>Vpra\u0161anja zaposlovanja specializiranih medicinskih sester v anesteziji ter intenzivni negi kot koordinatorjev negovalnih ekip med delovnimi izmenami. (23. september 2011)<\/li>\n<li>Vpra\u0161anja dodeljevanja medicinskih sester v anesteziji na druge bolni\u0161ni\u010dne oddelke med njihovimi izmenami. Stali\u0161\u010de in ostala priporo\u010dila so bila poslana Ministrstvu za zdravje 26. marca 2013.<\/li>\n<li>Izvajanje usposabljanj na razli\u010dne teme znotraj projekta Seminarji dobrih praks (Good Practices Seminars), teme usposabljanj vklju\u010dujejo: Tehnike zamenjave ledvic v intenzivni negi, Obvladovanje oku\u017eb v intenzivnih enotah, Prehrana v intenzivnih enotah, ter Varnost intravenozne terapije.<\/li>\n<li>Delo na nadaljnjem razvoju zdravstvenega \u017eurnala <i>Zdravstvena nega v anesteziologiji in intenzivni negi: http:\/\/evereth.pl\/index.php\/pielegniarstwo-w-anestezjologii-i-intensywnej-opiece<\/i><\/li>\n<\/ul>\n<\/div>\n<\/div>\n<div class=\"row\" style=\"margin-top: 60px;\">\n<div class=\"col-md-4\"><img data-recalc-dims=\"1\" decoding=\"async\" style=\"width: auto; max-width: 300px; height: auto; padding: 40px;\" src=\"https:\/\/i0.wp.com\/mice-icu.erasmus.site\/wp-content\/uploads\/2016\/11\/assist_Logo.jpg?w=1200\" alt=\"ptpaiio\" \/><\/div>\n<div class=\"col-md-8\">\n<h3>assist International HR<\/h3>\n<p>Smo srednje velika organizacija za razvoj \u010dlove\u0161kih virov, s sede\u017eem v Nem\u010diji.(2 pisarni, v Paderbornu in Munchnu) ter Angliji (pisarna v Coventryju)<br \/>\nImamo ve\u010d kot 20 let izku\u0161enj pri usposabljanju, coachingu ter svetovanju mednarodnim organizacijam v javnem ter zasebnem sektorju.<br \/>\nMo\u010dan poudarek je na kombiniranem u\u010denju z na\u0161im Virtualnim kampusom (e-u\u010denje, webinarji, e-vodeno pou\u010devanje &#038; osebni stik).<br \/>\nNase stranke pripadajo tako javnemu kot zasebnemu sektorju, mednarodnim korporacijam, ve\u010djim ter srednje velikim organizacijam.<br \/>\nNasa temeljna podro\u010dja delovanja so \u00bbmehke ve\u0161\u010dine\u00ab(socialne spretnosti)\u201a mednarodne poslovne spretnosti, medkulturni te\u010daji, namenjeni izvajalcem usposabljanj, ter medkulturni coaching (mentorstvo, usmerjanje in svetovanje).<br \/>\nSvoje koncepte ponujamo v naslednjih jezikih seminarjev: v angle\u0161kem, nem\u0161kem, italijanskem, francoskem in \u0161panskem jeziku. V letu 2014 smo izvedli usposabljanja v Nem\u010diji, Angliji, Franciji, Italiji, v Singapurju, na Kitajskem ter v ZDA.<\/p>\n<\/div>\n<\/div>\n<div class=\"row\" style=\"margin-top: 60px;\">\n<div class=\"col-md-4\"><img data-recalc-dims=\"1\" decoding=\"async\" style=\"width: auto; max-width: 300px; height: auto; padding: 40px;\" src=\"https:\/\/i0.wp.com\/mice-icu.erasmus.site\/wp-content\/uploads\/2016\/11\/logo.png?w=1200\" alt=\"ptpaiio\" \/><\/div>\n<div class=\"col-md-8\">\n<h3>European federation of Critical Care Nurses, EfCCNa<\/h3>\n<p>Organizacija EfCCNa je bila ustanovljena v Berlinu v Nem\u010diji 2. oktobra 1999. Organizacija je registrirana v Amsterdamu na Nizozemskem ter sestoji iz 28 evropskih zdru\u017eenj medicinskih sester v intenzivni negi, ki zastopajo ve\u010d kot 25.000 medicinskih sester v intenzivni negi. Uradna organa EfCCNa sta : Svet predstavnikov, ter Upravni odbor. Predstavnika sveta izvolijo v lastnem dru\u0161tvu.<\/p>\n<p>Poglavitni cilji federacije so: zastopanje medicinskih sester v intenzivni negi na \u0161ir\u0161em obmo\u010dju Evrope; vzpodbujanje sodelovanja med evropskimi medicinskimi sestrami; prispevanje h kakovosti strokovne prakse in znanstvenega raziskovanja, izbolj\u0161ati priznavanje intenzivne nege ter promocija izobra\u017eevalnih\/razvojnih prilo\u017enosti za medicinske sestre, ki delujejo na tem podro\u010dju, ter oja\u010danje evropskih zdru\u017eenj medicinskih sester v intenzivni negi. Z namenom promocije svojega raziskovalnega dela, izobra\u017eevanja ter prakse, je federacija izvedla \u0161est Evropskih kongresov za zdravstveno nego v intenzivni medicini na razli\u010dnih lokacijah po Evropi (Pariz, 2002, Amsterdam 2005, Firence 2008, Kopenhagen 2011, Beograd 2013, Valencia 2015).<\/p>\n<p>Izku\u0161nje federacije EfCCNa so zagotovilo za uspe\u0161no izvedbo projekta. Federacija se sestoji iz \u0161tevilnih strokovnjakov na podro\u010dju zdravstvene nege v intenzivni medicini, iz katerih znanja lahko \u010drpa, ter ki bodo na voljo in predani zagotavljanju projektnih rezultatov na najbolj\u0161i mo\u017een na\u010din, z nudenjem neposredne strokovne podpore in nasvetov ter z raz\u0161irjanjem rezultatov.<\/p>\n<\/div>\n<\/div>\n<div class=\"row\" style=\"margin-top: 60px;\">\n<div class=\"col-md-4\"><img data-recalc-dims=\"1\" decoding=\"async\" style=\"width: auto; max-width: 300px; height: auto; padding: 40px;\" src=\"https:\/\/i0.wp.com\/mice-icu.erasmus.site\/wp-content\/uploads\/2016\/11\/logo-1.png?w=1200\" alt=\"ptpaiio\" \/><\/div>\n<div class=\"col-md-8\">\n<h3>Univerza v Ostravi<\/h3>\n<p>Univerza v Ostravi (UO) z ve\u010d kot 10.000 \u0161tudenti, ponuja zelo visoko stopnjo kakovosti \u0161tudija na podro\u010dju dru\u017eboslovja, socialnih in naravoslovnih znanosti, zdravstvenih \u0161tudij, medicine ter upodabljajo\u010dih umetnosti. Njenih 6 fakultet (Fakulteta za znanost, Filozofska fakulteta, Fakulteta za umetnost, Medicinska fakulteta, Fakulteta za socialne \u0161tudije, Pedago\u0161ka fakulteta) ponujajo izjemno \u0161irok nabor \u0161tudijskih podro\u010dij, kot tudi nekonvencionalne kombinacije visoko\u0161olskih programov.<br \/>\nUO poleg svoje dinami\u010dnosti ter intelektualne naprednosti nudi \u0161tudentom mednarodno \u0161tudijsko okolje, s \u0161tudentskim kampusom po starem mestnem jedru, ter tako omogo\u010da vzpodbudno okolje za izku\u0161anje \u017eivih umetnosti in znanosti. Pou\u010devanje na UO je raziskovalno usmerjeno, \u0161tudijske programe pa pogosto pou\u010dujejo aktivni raziskovalci.<br \/>\nUniverza se tudi ponosno predstavlja kot univerza, na kateri deluje veliko \u0161tevilo strokovnjakov s svojih podro\u010dij, ki niso zgolj znanstveniki, temve\u010d so navdihujo\u010de ter odprte osebnosti z \u017eivim ob\u010dutkom za ustvarjalnost.<br \/>\nMajhnost univerze ter njena relativna mladost (ustanovljena je bila leta 1991) dovoljujejo izrazito individualni pristop k \u0161tudentom ter fleksibilne reakcije na potrebe sodobne dru\u017ebe in trga dela. Univerza ne ponuja zgolj izobra\u017eevanja najvi\u0161je kakovosti, temve\u010d tudi \u0161tevilne druge mo\u017enosti tistim, ki \u017eelijo izpolniti svojo vizijo, pa najsi bo to \u0161tudij tujih jezikov, udejstvovanje v \u0161tudentski organizaciji ali pridobitev drugih prakti\u010dnih izku\u0161enj. Univerza aktivno ponuja \u0161tudentom mo\u017enosti za izbolj\u0161anje kvalifikacij, ter jim pomaga pri za\u010detku karierne poti.<br \/>\nNa tej to\u010dki je Univerza v Ostravi vzpostavila sodelovanje z ve\u010d lokalnimi organizacijami (na primer z lokalnim studiem javne \u010de\u0161ke televizije), ki \u0161tudentom omogo\u010dajo dragocene delovne izku\u0161nje. Prizadevanja univerze, da ponudi ve\u010d, pa niso omejena zgolj na \u0161tudente ter akademike. UO poudarek polaga tudi na svojo tretjo vlogo \u2013 poleg prvih dveh \u2013 izobra\u017eevalne ter raziskovalne vloge, se tudi aktivno udejstvuje na podro\u010dju dru\u017eabnega \u017eivljenja in kulture. UO ter njene fakultete, \u0161tudentske organizacije in znanstveni instituti vsako leto ustanavljajo in promovirajo na stotine javnih dogodkov, ki vklju\u010dujejo brezpla\u010dne delavnice, predavanja, seminarje, diskusije, izkustvene dogodke, znanstvene dogodiv\u0161\u010dine, kulturne festivale, dobrodelne dogodke, mednarodna sre\u010danja, \u0161portne in kulturne dogodke, umetni\u0161ke razstave, sre\u010danja diplomantov, koncerte, gledali\u0161ke igre itd.<br \/>\nUniverza je preprosto bistven del mesta ter njegovega dru\u017eabnega \u017eivljenja, ter nadaljuje svoje sodelovanje z nara\u0161\u010dajo\u010dim \u0161tevilom kulturnih organizacij ter lokalnih institucij.<\/p>\n<\/div>\n<\/div>\n<div class=\"row\" style=\"margin-top: 60px;\">\n<div class=\"col-md-4\"><img data-recalc-dims=\"1\" decoding=\"async\" data-attachment-id=\"100\" data-permalink=\"https:\/\/mice-icu.erasmus.site\/sl\/partners\/ptpaiio\/\" data-orig-file=\"https:\/\/i0.wp.com\/mice-icu.erasmus.site\/wp-content\/uploads\/2016\/11\/PTPAiIO.png?fit=271%2C235&amp;ssl=1\" data-orig-size=\"271,235\" data-comments-opened=\"0\" data-image-meta=\"{&quot;aperture&quot;:&quot;0&quot;,&quot;credit&quot;:&quot;&quot;,&quot;camera&quot;:&quot;&quot;,&quot;caption&quot;:&quot;&quot;,&quot;created_timestamp&quot;:&quot;0&quot;,&quot;copyright&quot;:&quot;&quot;,&quot;focal_length&quot;:&quot;0&quot;,&quot;iso&quot;:&quot;0&quot;,&quot;shutter_speed&quot;:&quot;0&quot;,&quot;title&quot;:&quot;&quot;,&quot;orientation&quot;:&quot;0&quot;}\" data-image-title=\"ptpaiio\" data-image-description=\"\" data-image-caption=\"\" data-medium-file=\"https:\/\/i0.wp.com\/mice-icu.erasmus.site\/wp-content\/uploads\/2016\/11\/PTPAiIO.png?fit=271%2C235&amp;ssl=1\" data-large-file=\"https:\/\/i0.wp.com\/mice-icu.erasmus.site\/wp-content\/uploads\/2016\/11\/PTPAiIO.png?fit=271%2C235&amp;ssl=1\" class=\"size-full wp-image-100 aligncenter\" style=\"width: auto; max-width: 300px; height: auto; padding: 40px;\" src=\"https:\/\/i0.wp.com\/mice-icu.erasmus.site\/wp-content\/uploads\/2016\/11\/logo-2.png?w=1200\" alt=\"ptpaiio\" \/><\/div>\n<div class=\"col-md-8\">\n<h3>Visoka zdravstvena \u0161ola v Celju<\/h3>\n<p>Visoka zdravstvena \u0161ola v Celju, v Sloveniji, je relativno mlada neodvisna visoko\u0161olska institucija, ustanovljena maja 2009. Njen ustanovitelj je Regionalno \u0161tudijsko sredi\u0161\u010de v Celju, ki je javna institucija, odgovorna za razvoj terciarnega izobra\u017eevanja V Savinjski regiji.<br \/>\nVisoka zdravstvena \u0161ola izvaja dodiplomski \u0161tudijski program Zdravstvena nega ter podiplomski \u0161tudijski progam Paliativna oskrba.<br \/>\nVisoka zdravstvena \u0161ola v Celju skupnosti slu\u017ei kot visoko\u0161olsko izobra\u017eevalno sredi\u0161\u010de, ki vzpodbuja, \u0161iri ter uporablja strokovno znanje s podro\u010dja zdravstvene nege ter drugih z zdravjem povezanih znanosti, ter vzpodbuja vse\u017eivljenjske u\u010dne aktivnosti ter iniciative. Ve\u010dina na\u0161ih predavateljev prihaja iz klini\u010dnega okolja, tako da posedujejo bogate prakti\u010dne izku\u0161nje kot tudi raziskovalne spretnosti ter izku\u0161nje pri koordiniranju razli\u010dnih projektov, vklju\u010dno z mednarodnimi. Mnogo truda vlagamo v izvajanje visokokakovostnih \u0161tudijskih ter raziskovalnih programov s podro\u010dja zdravstvene nege ter ostalih programov s podro\u010dja zdravstva. Raziskovalne dejavnosti so v prvi vrsti usmerjene na podro\u010dje zdravstvene nege ter zdravstva na splo\u0161no. Velik poudarek je na interdisciplinarnem raziskovalnem delu ter integraciji z drugimi sorodnimi raziskovalnimi podro\u010dji. Organizacijska enota Visoke zdravstvene \u0161ole CVIKS (Center za vse\u017eivljenjsko izobra\u017eevanje in karierno svetovanje), je bila ustanovljena z namenom zagotavljanja prenosa znanja, izku\u0161enj, ter primerov dobre prakse z nudenjem izobra\u017eevalnega usposabljanja ter svetovanja z namenom pove\u010dati stopnjo kakovosti dela ter varnosti pri delu v zdravstveni negi ter v celotnem zdravstvenem sistemu. Eden izmed poglavitnih ciljev Visoke \u0161ole je vzpostavljanje tesnih in intenzivnih stikov ter sodelovanje s tujimi izobra\u017eevalnimi in raziskovalnimi institucijami. V zadnjih nekaj letih smo bili na mednarodnem podro\u010dju precej uspe\u0161ni, trenutno sodelujemo s 16 visoko\u0161olskimi institucijami iz tujine. <\/p>\n<\/div>\n<\/div>\n<div class=\"row\" style=\"margin-top: 60px;\">\n<div class=\"col-md-4\"><img data-recalc-dims=\"1\" height=\"183\" width=\"300\" decoding=\"async\" style=\"width: auto; max-width: 300px; height: auto; padding: 40px;\" src=\"https:\/\/i0.wp.com\/mice-icu.erasmus.site\/wp-content\/uploads\/2016\/11\/logo_danmar_cr_cr-300x183-300x183.jpg?resize=300%2C183\" alt=\"logo_danmar_cr_cr-300x183\" \/><\/div>\n<div class=\"col-md-8\">\n<h3>Danmar Computes<\/h3>\n<p>Danmar Computes je zasebna dru\u017eba, ki deluje na podro\u010dju informacijske tehnologije ter nudi poklicno usposabljanje na tem podro\u010dju. Danmar se pona\u0161a z obse\u017enimi izku\u0161njami na podro\u010dju razvoja sodobnih internetnih ter mobilnih aplikacij, ki se uporabljajo v izobra\u017eevalne namene. Pona\u0161ajo se tudi z dolgoletnimi izku\u0161njami pri izvajanju Evropskih projektov v okviru katerih podjetje izvaja raziskave ter nudi usposabljanja, prikrojena potrebam razli\u010dnih u\u010dencev. V zadnjih 15 letih je Danmar uspe\u0161no izvedel preko 50 projektov v okviru programov Grundtvig, Leonardo da Vinci, Progress, ter nedavno v okviru programa Erasmus+.<\/p>\n<p>Pri mnogih izmed teh projektov je bil Danmar odgovoren za zasnovo ter koordiniranje strategij za raz\u0161irjanje. Podjetje Danmar Computers je razvilo, ter je ponudnik sistema AdminProject (adminproject.eu), internetnega sistema za upravljanje evropskih projektov. Vse dejavnosti podjetja temeljijo na \u0161iroki ter dobro uveljavljeni sodelovalni mre\u017ei, tako na narodni kot na mednarodni stopnji. Nacionalna mre\u017ea vsebuje izobra\u017eevalne in svetovalne institucije, univerze, \u0161ole in nevladne organizacije, kot tudi podjetja v zasebnem sektorju. Mednarodna mre\u017ea vklju\u010duje partnerje razli\u010dnih profilov iz vseh dr\u017eav \u010dlanic Evropske unije. Poslanstvo podjetja Danmar Computers je promoviranje vse\u017eivljenjskega izobra\u017eevanja ter zagotavljanje enakovrednega dostopa do izobrazbe za vsakogar, z uporabo sodobne tehnologije.<\/p>\n<\/div>\n<\/div>\n<p><\/p>","protected":false},"excerpt":{"rendered":"<p>Poljskega zdru\u017eenja medicinskih sester v anesteziji in intenzivnih enotah koordinator Poljsko Zdru\u017eenje medicinskih sester v anesteziji in intenzivnih enotah (Association of Anesthesia and Intensive Care Nurses (PTPAiIO)) je bilo registrirano v Nacionalni pravosodni register leta 1997. Od takrat naprej \u0161tevilo njegovih \u010dlanov sistemati\u010dno nara\u0161\u010da. Trenutno je v aktivnosti dru\u0161tva vklju\u010denih 400 ljudi v 14 regionalnih podru\u017enicah. Odbor zdru\u017eenja predstavljajo: Predsednik \u2013 Pawe\u0142 Witt, Podpredsednica \u2013 [&hellip;]<\/p>\n","protected":false},"author":1,"featured_media":0,"parent":0,"menu_order":0,"comment_status":"closed","ping_status":"closed","template":"","meta":{"jetpack_post_was_ever_published":false,"footnotes":""},"class_list":["post-54","page","type-page","status-publish","hentry"],"jetpack_sharing_enabled":true,"jetpack_shortlink":"https:\/\/wp.me\/P88Yz5-S","jetpack-related-posts":[],"_links":{"self":[{"href":"https:\/\/mice-icu.erasmus.site\/sl\/wp-json\/wp\/v2\/pages\/54","targetHints":{"allow":["GET"]}}],"collection":[{"href":"https:\/\/mice-icu.erasmus.site\/sl\/wp-json\/wp\/v2\/pages"}],"about":[{"href":"https:\/\/mice-icu.erasmus.site\/sl\/wp-json\/wp\/v2\/types\/page"}],"author":[{"embeddable":true,"href":"https:\/\/mice-icu.erasmus.site\/sl\/wp-json\/wp\/v2\/users\/1"}],"replies":[{"embeddable":true,"href":"https:\/\/mice-icu.erasmus.site\/sl\/wp-json\/wp\/v2\/comments?post=54"}],"version-history":[{"count":12,"href":"https:\/\/mice-icu.erasmus.site\/sl\/wp-json\/wp\/v2\/pages\/54\/revisions"}],"predecessor-version":[{"id":205,"href":"https:\/\/mice-icu.erasmus.site\/sl\/wp-json\/wp\/v2\/pages\/54\/revisions\/205"}],"wp:attachment":[{"href":"https:\/\/mice-icu.erasmus.site\/sl\/wp-json\/wp\/v2\/media?parent=54"}],"curies":[{"name":"wp","href":"https:\/\/api.w.org\/{rel}","templated":true}]}}